{"id":8,"date":"2018-06-07T05:37:15","date_gmt":"2018-06-07T05:37:15","guid":{"rendered":"https:\/\/juraec.com\/?page_id=8"},"modified":"2022-03-26T05:52:34","modified_gmt":"2022-03-26T10:52:34","slug":"services","status":"publish","type":"page","link":"https:\/\/juraec.com\/?page_id=8","title":{"rendered":"Beneficios"},"content":{"rendered":"\t\t<div data-elementor-type=\"wp-post\" data-elementor-id=\"8\" class=\"elementor elementor-8\">\n\t\t\t\t\t\t\t\t\t<section class=\"elementor-section elementor-top-section elementor-element elementor-element-f756a8f elementor-section-boxed elementor-section-height-default elementor-section-height-default\" data-id=\"f756a8f\" data-element_type=\"section\" data-settings=\"{&quot;background_background&quot;:&quot;classic&quot;}\">\n\t\t\t\t\t\t\t<div class=\"elementor-background-overlay\"><\/div>\n\t\t\t\t\t\t\t<div class=\"elementor-container elementor-column-gap-default\">\n\t\t\t\t\t<div class=\"elementor-column elementor-col-100 elementor-top-column elementor-element elementor-element-0817830\" data-id=\"0817830\" data-element_type=\"column\">\n\t\t\t<div class=\"elementor-widget-wrap elementor-element-populated\">\n\t\t\t\t\t\t\t\t<div class=\"elementor-element elementor-element-0e707d2 elementor-widget elementor-widget-heading\" data-id=\"0e707d2\" data-element_type=\"widget\" data-widget_type=\"heading.default\">\n\t\t\t\t<div class=\"elementor-widget-container\">\n\t\t\t<h1 class=\"elementor-heading-title elementor-size-default\">Beneficios al aplicar nuestros  recubrimientos.<\/h1>\t\t<\/div>\n\t\t\t\t<\/div>\n\t\t\t\t\t<\/div>\n\t\t<\/div>\n\t\t\t\t\t\t\t<\/div>\n\t\t<\/section>\n\t\t\t\t<section class=\"elementor-section elementor-top-section elementor-element elementor-element-8e93477 elementor-section-boxed elementor-section-height-default elementor-section-height-default\" data-id=\"8e93477\" data-element_type=\"section\" data-settings=\"{&quot;background_background&quot;:&quot;classic&quot;}\">\n\t\t\t\t\t\t<div class=\"elementor-container elementor-column-gap-default\">\n\t\t\t\t\t<div class=\"elementor-column elementor-col-100 elementor-top-column elementor-element elementor-element-54670ff\" data-id=\"54670ff\" data-element_type=\"column\">\n\t\t\t<div class=\"elementor-widget-wrap elementor-element-populated\">\n\t\t\t\t\t\t\t\t<section class=\"elementor-section elementor-inner-section elementor-element elementor-element-63ec4af elementor-section-boxed elementor-section-height-default elementor-section-height-default\" data-id=\"63ec4af\" data-element_type=\"section\">\n\t\t\t\t\t\t<div class=\"elementor-container elementor-column-gap-default\">\n\t\t\t\t\t<div class=\"elementor-column elementor-col-33 elementor-inner-column elementor-element elementor-element-05fa9e6\" data-id=\"05fa9e6\" data-element_type=\"column\">\n\t\t\t<div class=\"elementor-widget-wrap elementor-element-populated\">\n\t\t\t\t\t\t\t\t<div class=\"elementor-element elementor-element-3fb6314 animated-slow elementor-position-top elementor-invisible elementor-widget elementor-widget-image-box\" data-id=\"3fb6314\" data-element_type=\"widget\" data-settings=\"{&quot;_animation_delay&quot;:200,&quot;_animation&quot;:&quot;zoomInUp&quot;}\" data-widget_type=\"image-box.default\">\n\t\t\t\t<div class=\"elementor-widget-container\">\n\t\t\t<div class=\"elementor-image-box-wrapper\"><figure class=\"elementor-image-box-img\"><img fetchpriority=\"high\" decoding=\"async\" width=\"1401\" height=\"1400\" src=\"https:\/\/juraec.com\/wp-content\/uploads\/2021\/04\/icon_ant_ahe-8.png\" class=\"attachment-full size-full wp-image-725\" alt=\"\" srcset=\"https:\/\/juraec.com\/wp-content\/uploads\/2021\/04\/icon_ant_ahe-8.png 1401w, https:\/\/juraec.com\/wp-content\/uploads\/2021\/04\/icon_ant_ahe-8-300x300.png 300w, https:\/\/juraec.com\/wp-content\/uploads\/2021\/04\/icon_ant_ahe-8-1024x1024.png 1024w, https:\/\/juraec.com\/wp-content\/uploads\/2021\/04\/icon_ant_ahe-8-150x150.png 150w, https:\/\/juraec.com\/wp-content\/uploads\/2021\/04\/icon_ant_ahe-8-768x767.png 768w\" sizes=\"(max-width: 1401px) 100vw, 1401px\" \/><\/figure><div class=\"elementor-image-box-content\"><h5 class=\"elementor-image-box-title\">ANTI-ADHERENCIA.<\/h5><p class=\"elementor-image-box-description\">Las operaciones de producci\u00f3n en las que se requiere evitar que no se adhiera el producto al molde que le ha dado forma, es decir operaciones de desmoldeado, termoformado, rotomoldeo.<\/p><\/div><\/div>\t\t<\/div>\n\t\t\t\t<\/div>\n\t\t\t\t\t<\/div>\n\t\t<\/div>\n\t\t\t\t<div class=\"elementor-column elementor-col-33 elementor-inner-column elementor-element elementor-element-48f5379\" data-id=\"48f5379\" data-element_type=\"column\">\n\t\t\t<div class=\"elementor-widget-wrap elementor-element-populated\">\n\t\t\t\t\t\t\t\t<div class=\"elementor-element elementor-element-4f1f302 elementor-position-top elementor-invisible elementor-widget elementor-widget-image-box\" data-id=\"4f1f302\" data-element_type=\"widget\" data-settings=\"{&quot;_animation&quot;:&quot;zoomInUp&quot;,&quot;_animation_delay&quot;:300}\" data-widget_type=\"image-box.default\">\n\t\t\t\t<div class=\"elementor-widget-container\">\n\t\t\t<div class=\"elementor-image-box-wrapper\"><figure class=\"elementor-image-box-img\"><img decoding=\"async\" width=\"1400\" height=\"1400\" src=\"https:\/\/juraec.com\/wp-content\/uploads\/2021\/04\/icon_bajFricc-8.png\" class=\"attachment-full size-full wp-image-726\" alt=\"\" srcset=\"https:\/\/juraec.com\/wp-content\/uploads\/2021\/04\/icon_bajFricc-8.png 1400w, https:\/\/juraec.com\/wp-content\/uploads\/2021\/04\/icon_bajFricc-8-300x300.png 300w, https:\/\/juraec.com\/wp-content\/uploads\/2021\/04\/icon_bajFricc-8-1024x1024.png 1024w, https:\/\/juraec.com\/wp-content\/uploads\/2021\/04\/icon_bajFricc-8-150x150.png 150w, https:\/\/juraec.com\/wp-content\/uploads\/2021\/04\/icon_bajFricc-8-768x768.png 768w\" sizes=\"(max-width: 1400px) 100vw, 1400px\" \/><\/figure><div class=\"elementor-image-box-content\"><h5 class=\"elementor-image-box-title\">BAJO COEFICIENTE DE FRICCI\u00d3N.<\/h5><p class=\"elementor-image-box-description\">Esta propiedad hace que los Recubrimientos antiadherentes se deslicen f\u00e1cilmente sin lubricantes, por lo que se pueden utilizar en componentes mec\u00e1nicos que necesiten ser lubricados constantemente. Esta propiedad conserva la eficiencia de funcionamiento, y evita tiempo perdido para la lubricaci\u00f3n.  <\/p><\/div><\/div>\t\t<\/div>\n\t\t\t\t<\/div>\n\t\t\t\t\t<\/div>\n\t\t<\/div>\n\t\t\t\t<div class=\"elementor-column elementor-col-33 elementor-inner-column elementor-element elementor-element-1deea0d\" data-id=\"1deea0d\" data-element_type=\"column\">\n\t\t\t<div class=\"elementor-widget-wrap elementor-element-populated\">\n\t\t\t\t\t\t\t\t<div class=\"elementor-element elementor-element-e52adc7 elementor-position-top elementor-invisible elementor-widget elementor-widget-image-box\" data-id=\"e52adc7\" data-element_type=\"widget\" data-settings=\"{&quot;_animation&quot;:&quot;zoomInUp&quot;,&quot;_animation_delay&quot;:400}\" data-widget_type=\"image-box.default\">\n\t\t\t\t<div class=\"elementor-widget-container\">\n\t\t\t<div class=\"elementor-image-box-wrapper\"><figure class=\"elementor-image-box-img\"><img decoding=\"async\" width=\"1400\" height=\"1400\" src=\"https:\/\/juraec.com\/wp-content\/uploads\/2021\/04\/icon_humec-8.png\" class=\"attachment-full size-full wp-image-727\" alt=\"\" srcset=\"https:\/\/juraec.com\/wp-content\/uploads\/2021\/04\/icon_humec-8.png 1400w, https:\/\/juraec.com\/wp-content\/uploads\/2021\/04\/icon_humec-8-300x300.png 300w, https:\/\/juraec.com\/wp-content\/uploads\/2021\/04\/icon_humec-8-1024x1024.png 1024w, https:\/\/juraec.com\/wp-content\/uploads\/2021\/04\/icon_humec-8-150x150.png 150w, https:\/\/juraec.com\/wp-content\/uploads\/2021\/04\/icon_humec-8-768x768.png 768w\" sizes=\"(max-width: 1400px) 100vw, 1400px\" \/><\/figure><div class=\"elementor-image-box-content\"><h5 class=\"elementor-image-box-title\">ANTI-HUMECTANCIA. <\/h5><p class=\"elementor-image-box-description\">Esta propiedad se debe a la caracter\u00edstica que tienen los fluoropolimeros para no absorber mol\u00e9culas de agua, es decir, humedad. Las superficies Recubiertas con fluoropolimeros es por lo tanto \u2018seca\u2019 y permanece libre de corrosi\u00f3n. Esto hace que el agua que llega a estar en contacto con este recubrimiento no se extienda libremente sobre su superficie, sino que se re\u00fana en forma de gotas de agua, lo que hace que la limpieza de las superficies sea m\u00e1s r\u00e1pida y sencilla. <\/p><\/div><\/div>\t\t<\/div>\n\t\t\t\t<\/div>\n\t\t\t\t\t<\/div>\n\t\t<\/div>\n\t\t\t\t\t\t\t<\/div>\n\t\t<\/section>\n\t\t\t\t<section class=\"elementor-section elementor-inner-section elementor-element elementor-element-e4eee27 elementor-section-boxed elementor-section-height-default elementor-section-height-default\" data-id=\"e4eee27\" data-element_type=\"section\">\n\t\t\t\t\t\t<div class=\"elementor-container elementor-column-gap-default\">\n\t\t\t\t\t<div class=\"elementor-column elementor-col-33 elementor-inner-column elementor-element elementor-element-c01667e\" data-id=\"c01667e\" data-element_type=\"column\">\n\t\t\t<div class=\"elementor-widget-wrap elementor-element-populated\">\n\t\t\t\t\t\t\t\t<div class=\"elementor-element elementor-element-eeffefc elementor-position-top elementor-invisible elementor-widget elementor-widget-image-box\" data-id=\"eeffefc\" data-element_type=\"widget\" data-settings=\"{&quot;_animation&quot;:&quot;zoomInUp&quot;,&quot;_animation_delay&quot;:500}\" data-widget_type=\"image-box.default\">\n\t\t\t\t<div class=\"elementor-widget-container\">\n\t\t\t<div class=\"elementor-image-box-wrapper\"><figure class=\"elementor-image-box-img\"><img loading=\"lazy\" decoding=\"async\" width=\"1400\" height=\"1400\" src=\"https:\/\/juraec.com\/wp-content\/uploads\/2021\/04\/icon_temp-8.png\" class=\"attachment-full size-full wp-image-728\" alt=\"\" srcset=\"https:\/\/juraec.com\/wp-content\/uploads\/2021\/04\/icon_temp-8.png 1400w, https:\/\/juraec.com\/wp-content\/uploads\/2021\/04\/icon_temp-8-300x300.png 300w, https:\/\/juraec.com\/wp-content\/uploads\/2021\/04\/icon_temp-8-1024x1024.png 1024w, https:\/\/juraec.com\/wp-content\/uploads\/2021\/04\/icon_temp-8-150x150.png 150w, https:\/\/juraec.com\/wp-content\/uploads\/2021\/04\/icon_temp-8-768x768.png 768w\" sizes=\"(max-width: 1400px) 100vw, 1400px\" \/><\/figure><div class=\"elementor-image-box-content\"><h5 class=\"elementor-image-box-title\">RESISTENCIA A ALTAS TEMPERATURAS. <\/h5><p class=\"elementor-image-box-description\">Esta caracter\u00edstica hace deseable y necesario los Recubrimientos antiadherentes, principalmente en la industria panificadora (alta temperatura) hasta una temperatura de 260 \u00b0C, (intermitente hasta 315\u00b0 C) <\/p><\/div><\/div>\t\t<\/div>\n\t\t\t\t<\/div>\n\t\t\t\t\t<\/div>\n\t\t<\/div>\n\t\t\t\t<div class=\"elementor-column elementor-col-33 elementor-inner-column elementor-element elementor-element-31eb119\" data-id=\"31eb119\" data-element_type=\"column\">\n\t\t\t<div class=\"elementor-widget-wrap elementor-element-populated\">\n\t\t\t\t\t\t\t\t<div class=\"elementor-element elementor-element-fbfe999 elementor-position-top elementor-invisible elementor-widget elementor-widget-image-box\" data-id=\"fbfe999\" data-element_type=\"widget\" data-settings=\"{&quot;_animation&quot;:&quot;zoomInUp&quot;,&quot;_animation_delay&quot;:600}\" data-widget_type=\"image-box.default\">\n\t\t\t\t<div class=\"elementor-widget-container\">\n\t\t\t<div class=\"elementor-image-box-wrapper\"><figure class=\"elementor-image-box-img\"><img loading=\"lazy\" decoding=\"async\" width=\"1400\" height=\"1400\" src=\"https:\/\/juraec.com\/wp-content\/uploads\/2021\/04\/icon_resBajT-8.png\" class=\"attachment-full size-full wp-image-729\" alt=\"\" srcset=\"https:\/\/juraec.com\/wp-content\/uploads\/2021\/04\/icon_resBajT-8.png 1400w, https:\/\/juraec.com\/wp-content\/uploads\/2021\/04\/icon_resBajT-8-300x300.png 300w, https:\/\/juraec.com\/wp-content\/uploads\/2021\/04\/icon_resBajT-8-1024x1024.png 1024w, https:\/\/juraec.com\/wp-content\/uploads\/2021\/04\/icon_resBajT-8-150x150.png 150w, https:\/\/juraec.com\/wp-content\/uploads\/2021\/04\/icon_resBajT-8-768x768.png 768w\" sizes=\"(max-width: 1400px) 100vw, 1400px\" \/><\/figure><div class=\"elementor-image-box-content\"><h5 class=\"elementor-image-box-title\">RESISTENCIA A BAJAS TEMPERATURAS. <\/h5><p class=\"elementor-image-box-description\">Esta propiedad es \u00f3ptima para equipos y envases en la industria de conservaci\u00f3n de alimentos o farmac\u00e9utica para bajas temperaturas hasta de \u2013270 \u00b0C.<\/p><\/div><\/div>\t\t<\/div>\n\t\t\t\t<\/div>\n\t\t\t\t\t<\/div>\n\t\t<\/div>\n\t\t\t\t<div class=\"elementor-column elementor-col-33 elementor-inner-column elementor-element elementor-element-ff1850a\" data-id=\"ff1850a\" data-element_type=\"column\">\n\t\t\t<div class=\"elementor-widget-wrap elementor-element-populated\">\n\t\t\t\t\t\t\t\t<div class=\"elementor-element elementor-element-ecd8825 elementor-position-top elementor-invisible elementor-widget elementor-widget-image-box\" data-id=\"ecd8825\" data-element_type=\"widget\" data-settings=\"{&quot;_animation&quot;:&quot;zoomInUp&quot;,&quot;_animation_delay&quot;:700}\" data-widget_type=\"image-box.default\">\n\t\t\t\t<div class=\"elementor-widget-container\">\n\t\t\t<div class=\"elementor-image-box-wrapper\"><figure class=\"elementor-image-box-img\"><img loading=\"lazy\" decoding=\"async\" width=\"1400\" height=\"1400\" src=\"https:\/\/juraec.com\/wp-content\/uploads\/2021\/04\/icon_resQ-8.png\" class=\"attachment-full size-full wp-image-733\" alt=\"\" srcset=\"https:\/\/juraec.com\/wp-content\/uploads\/2021\/04\/icon_resQ-8.png 1400w, https:\/\/juraec.com\/wp-content\/uploads\/2021\/04\/icon_resQ-8-300x300.png 300w, https:\/\/juraec.com\/wp-content\/uploads\/2021\/04\/icon_resQ-8-1024x1024.png 1024w, https:\/\/juraec.com\/wp-content\/uploads\/2021\/04\/icon_resQ-8-150x150.png 150w, https:\/\/juraec.com\/wp-content\/uploads\/2021\/04\/icon_resQ-8-768x768.png 768w\" sizes=\"(max-width: 1400px) 100vw, 1400px\" \/><\/figure><div class=\"elementor-image-box-content\"><h5 class=\"elementor-image-box-title\">RESISTENCIA QU\u00cdMICA. <\/h5><p class=\"elementor-image-box-description\">Las superficies antiadherentes son altamente resistentes (inertes) a casi todos los productos qu\u00edmicos y, por ende, son recomendables para la producci\u00f3n de muchos compuestos que reaccionan con materiales met\u00e1licos. Como el poro de su pel\u00edcula es pr\u00e1cticamente nulo, no existen mejores recubrimientos contra la corrosi\u00f3n de componentes met\u00e1licos para aplicaciones en ambientes corrosivos. <\/p><\/div><\/div>\t\t<\/div>\n\t\t\t\t<\/div>\n\t\t\t\t\t<\/div>\n\t\t<\/div>\n\t\t\t\t\t\t\t<\/div>\n\t\t<\/section>\n\t\t\t\t<section class=\"elementor-section elementor-inner-section elementor-element elementor-element-2d6549a elementor-section-boxed elementor-section-height-default elementor-section-height-default\" data-id=\"2d6549a\" data-element_type=\"section\">\n\t\t\t\t\t\t<div class=\"elementor-container elementor-column-gap-default\">\n\t\t\t\t\t<div class=\"elementor-column elementor-col-33 elementor-inner-column elementor-element elementor-element-6dd5f38\" data-id=\"6dd5f38\" data-element_type=\"column\">\n\t\t\t<div class=\"elementor-widget-wrap elementor-element-populated\">\n\t\t\t\t\t\t\t\t<div class=\"elementor-element elementor-element-a3702fc elementor-position-top elementor-invisible elementor-widget elementor-widget-image-box\" data-id=\"a3702fc\" data-element_type=\"widget\" data-settings=\"{&quot;_animation&quot;:&quot;zoomInUp&quot;,&quot;_animation_delay&quot;:800}\" data-widget_type=\"image-box.default\">\n\t\t\t\t<div class=\"elementor-widget-container\">\n\t\t\t<div class=\"elementor-image-box-wrapper\"><figure class=\"elementor-image-box-img\"><img loading=\"lazy\" decoding=\"async\" width=\"1401\" height=\"1400\" src=\"https:\/\/juraec.com\/wp-content\/uploads\/2021\/04\/icon_resDiel-8.png\" class=\"attachment-full size-full wp-image-737\" alt=\"\" srcset=\"https:\/\/juraec.com\/wp-content\/uploads\/2021\/04\/icon_resDiel-8.png 1401w, https:\/\/juraec.com\/wp-content\/uploads\/2021\/04\/icon_resDiel-8-300x300.png 300w, https:\/\/juraec.com\/wp-content\/uploads\/2021\/04\/icon_resDiel-8-1024x1024.png 1024w, https:\/\/juraec.com\/wp-content\/uploads\/2021\/04\/icon_resDiel-8-150x150.png 150w, https:\/\/juraec.com\/wp-content\/uploads\/2021\/04\/icon_resDiel-8-768x767.png 768w\" sizes=\"(max-width: 1401px) 100vw, 1401px\" \/><\/figure><div class=\"elementor-image-box-content\"><h5 class=\"elementor-image-box-title\">RESISTENCIA DIEL\u00c9CTRICA. <\/h5><p class=\"elementor-image-box-description\">Los fluoropolimeros poseen una enorme resistencia el\u00e9ctrica. Pero a trav\u00e9s de modificaciones especiales, tambi\u00e9n pueden ser conductivos.<\/p><\/div><\/div>\t\t<\/div>\n\t\t\t\t<\/div>\n\t\t\t\t\t<\/div>\n\t\t<\/div>\n\t\t\t\t<div class=\"elementor-column elementor-col-33 elementor-inner-column elementor-element elementor-element-4e207d0\" data-id=\"4e207d0\" data-element_type=\"column\">\n\t\t\t<div class=\"elementor-widget-wrap\">\n\t\t\t\t\t\t\t\t\t<\/div>\n\t\t<\/div>\n\t\t\t\t<div class=\"elementor-column elementor-col-33 elementor-inner-column elementor-element elementor-element-86f4a14\" data-id=\"86f4a14\" data-element_type=\"column\">\n\t\t\t<div class=\"elementor-widget-wrap\">\n\t\t\t\t\t\t\t\t\t<\/div>\n\t\t<\/div>\n\t\t\t\t\t\t\t<\/div>\n\t\t<\/section>\n\t\t\t\t\t<\/div>\n\t\t<\/div>\n\t\t\t\t\t\t\t<\/div>\n\t\t<\/section>\n\t\t\t\t<section class=\"elementor-section elementor-top-section elementor-element elementor-element-6fd11640 elementor-section-content-middle elementor-section-boxed elementor-section-height-default elementor-section-height-default\" data-id=\"6fd11640\" data-element_type=\"section\" data-settings=\"{&quot;background_background&quot;:&quot;classic&quot;}\">\n\t\t\t\t\t\t<div class=\"elementor-container elementor-column-gap-default\">\n\t\t\t\t\t<div class=\"elementor-column elementor-col-100 elementor-top-column elementor-element elementor-element-abbfb03\" data-id=\"abbfb03\" data-element_type=\"column\">\n\t\t\t<div class=\"elementor-widget-wrap elementor-element-populated\">\n\t\t\t\t\t\t\t\t<div class=\"elementor-element elementor-element-d0b2bba elementor-align-center elementor-widget elementor-widget-button\" data-id=\"d0b2bba\" data-element_type=\"widget\" data-widget_type=\"button.default\">\n\t\t\t\t<div class=\"elementor-widget-container\">\n\t\t\t\t\t<div class=\"elementor-button-wrapper\">\n\t\t\t<a class=\"elementor-button elementor-button-link elementor-size-sm\" href=\"#\">\n\t\t\t\t\t\t<span class=\"elementor-button-content-wrapper\">\n\t\t\t\t\t\t<span class=\"elementor-button-icon elementor-align-icon-left\">\n\t\t\t\t<i aria-hidden=\"true\" class=\"fas fa-phone\"><\/i>\t\t\t<\/span>\n\t\t\t\t\t\t<span class=\"elementor-button-text\">llama +593 98 703 6628<\/span>\n\t\t<\/span>\n\t\t\t\t\t<\/a>\n\t\t<\/div>\n\t\t\t\t<\/div>\n\t\t\t\t<\/div>\n\t\t\t\t\t<\/div>\n\t\t<\/div>\n\t\t\t\t\t\t\t<\/div>\n\t\t<\/section>\n\t\t\t\t\t\t\t<\/div>\n\t\t","protected":false},"excerpt":{"rendered":"<p>Beneficios al aplicar nuestros recubrimientos. ANTI-ADHERENCIA. Las operaciones de producci\u00f3n en las que se requiere evitar que no se adhiera el producto al molde que le ha dado forma, es decir operaciones de desmoldeado, termoformado, rotomoldeo. BAJO COEFICIENTE DE FRICCI\u00d3N. Esta propiedad hace que los Recubrimientos antiadherentes se deslicen f\u00e1cilmente sin lubricantes, por lo que &hellip;<\/p>\n<p class=\"read-more\"> <a class=\"\" href=\"https:\/\/juraec.com\/?page_id=8\"> <span class=\"screen-reader-text\">Beneficios<\/span> Leer m\u00e1s &raquo;<\/a><\/p>\n","protected":false},"author":1,"featured_media":0,"parent":0,"menu_order":0,"comment_status":"closed","ping_status":"closed","template":"","meta":{"om_disable_all_campaigns":false,"_monsterinsights_skip_tracking":false,"_monsterinsights_sitenote_active":false,"_monsterinsights_sitenote_note":"","_monsterinsights_sitenote_category":0,"site-sidebar-layout":"no-sidebar","site-content-layout":"page-builder","ast-site-content-layout":"","site-content-style":"default","site-sidebar-style":"default","ast-global-header-display":"","ast-banner-title-visibility":"","ast-main-header-display":"","ast-hfb-above-header-display":"","ast-hfb-below-header-display":"","ast-hfb-mobile-header-display":"","site-post-title":"disabled","ast-breadcrumbs-content":"","ast-featured-img":"disabled","footer-sml-layout":"","theme-transparent-header-meta":"default","adv-header-id-meta":"","stick-header-meta":"","header-above-stick-meta":"","header-main-stick-meta":"","header-below-stick-meta":"","astra-migrate-meta-layouts":"default","ast-page-background-enabled":"default","ast-page-background-meta":{"desktop":{"background-color":"","background-image":"","background-repeat":"repeat","background-position":"center center","background-size":"auto","background-attachment":"scroll","background-type":"","background-media":"","overlay-type":"","overlay-color":"","overlay-gradient":""},"tablet":{"background-color":"","background-image":"","background-repeat":"repeat","background-position":"center center","background-size":"auto","background-attachment":"scroll","background-type":"","background-media":"","overlay-type":"","overlay-color":"","overlay-gradient":""},"mobile":{"background-color":"","background-image":"","background-repeat":"repeat","background-position":"center center","background-size":"auto","background-attachment":"scroll","background-type":"","background-media":"","overlay-type":"","overlay-color":"","overlay-gradient":""}},"ast-content-background-meta":{"desktop":{"background-color":"var(--ast-global-color-5)","background-image":"","background-repeat":"repeat","background-position":"center center","background-size":"auto","background-attachment":"scroll","background-type":"","background-media":"","overlay-type":"","overlay-color":"","overlay-gradient":""},"tablet":{"background-color":"var(--ast-global-color-5)","background-image":"","background-repeat":"repeat","background-position":"center center","background-size":"auto","background-attachment":"scroll","background-type":"","background-media":"","overlay-type":"","overlay-color":"","overlay-gradient":""},"mobile":{"background-color":"var(--ast-global-color-5)","background-image":"","background-repeat":"repeat","background-position":"center center","background-size":"auto","background-attachment":"scroll","background-type":"","background-media":"","overlay-type":"","overlay-color":"","overlay-gradient":""}},"footnotes":""},"class_list":["post-8","page","type-page","status-publish","hentry"],"aioseo_notices":[],"_links":{"self":[{"href":"https:\/\/juraec.com\/index.php?rest_route=\/wp\/v2\/pages\/8","targetHints":{"allow":["GET"]}}],"collection":[{"href":"https:\/\/juraec.com\/index.php?rest_route=\/wp\/v2\/pages"}],"about":[{"href":"https:\/\/juraec.com\/index.php?rest_route=\/wp\/v2\/types\/page"}],"author":[{"embeddable":true,"href":"https:\/\/juraec.com\/index.php?rest_route=\/wp\/v2\/users\/1"}],"replies":[{"embeddable":true,"href":"https:\/\/juraec.com\/index.php?rest_route=%2Fwp%2Fv2%2Fcomments&post=8"}],"version-history":[{"count":95,"href":"https:\/\/juraec.com\/index.php?rest_route=\/wp\/v2\/pages\/8\/revisions"}],"predecessor-version":[{"id":1913,"href":"https:\/\/juraec.com\/index.php?rest_route=\/wp\/v2\/pages\/8\/revisions\/1913"}],"wp:attachment":[{"href":"https:\/\/juraec.com\/index.php?rest_route=%2Fwp%2Fv2%2Fmedia&parent=8"}],"curies":[{"name":"wp","href":"https:\/\/api.w.org\/{rel}","templated":true}]}}